{"id":2061,"date":"2023-06-07T17:23:10","date_gmt":"2023-06-07T15:23:10","guid":{"rendered":"https:\/\/korff.pl\/uslugi\/"},"modified":"2024-03-04T14:52:34","modified_gmt":"2024-03-04T13:52:34","slug":"dienstleistungen","status":"publish","type":"page","link":"https:\/\/korff.pl\/de\/dienstleistungen\/","title":{"rendered":"Dienstleistungen"},"content":{"rendered":"<h4>Sch\u00e4umen von Polyurethan<\/h4>\n<div>Wir verf\u00fcgen \u00fcber die vollst\u00e4ndige Infrastruktur zur Herstellung von speziellen Formteilen aus hartem Polyurethanschaum und Verbundwerkstoffen. F\u00fcr unsere Kunden, insbesondere aus der Isolations- und Befestigungstechnikbranche, entwerfen und produzieren wir hochwertige Produkte mit unterschiedlicher Geometrie und Dichte, die mit integrierten Verst\u00e4rkungen aus Metallen und Kunststoffen versehen sind.<\/p>\n<\/div>\n<p><img decoding=\"async\" src=\"\/wp-content\/uploads\/2023\/09\/usA%C2%82ugi1_1307.jpg\" alt=\"\"><br \/>\n<img decoding=\"async\" src=\"\/wp-content\/uploads\/2023\/12\/korff-04-2.jpg\" alt=\"\"><\/p>\n<h4>Manuelle Montage<\/h4>\n<div>Wir bieten manuelle Montagedienstleistungen wie Schrauben, Kleben und Abdecken von Isolierungselementen zusammen mit Stahlkomponenten an. Pr\u00e4zisionsmontageger\u00e4te und Qualit\u00e4tskontrolle im Prozess erm\u00f6glichen es uns, die Effizienz zu steigern und gleichzeitig das Risiko von Fehlern oder Sch\u00e4den zu reduzieren.<\/p>\n<\/div>\n<div>\n<p>Halbautomatische Arbeitspl\u00e4tze erm\u00f6glichen auch eine Verk\u00fcrzung der Gesamtproduktionszeit und eignen sich f\u00fcr eine Vielzahl von Anwendungen in der industriellen Isolationsfertigung. Wir verf\u00fcgen \u00fcber eine eigene Blechwerkstatt, in der wir die entworfenen Bleche an die zu montierenden Komponenten anpassen. Dank unserer umfangreichen Erfahrung in der Branche wird unser Sortiment kontinuierlich um die neuesten verf\u00fcgbaren L\u00f6sungen erweitert und an die Erwartungen sowie Bed\u00fcrfnisse unserer Kunden angepasst.<\/p>\n<\/div>\n<h4>Bearbeitung (Schneiden, Fr\u00e4sen) und Kaschieren von Isoliermaterialien<\/h4>\n<div>Bei Korff Isolmatic kombinieren wir verschiedene Isolationsmaterialien &#8211; Steinwolle und Glaswolle, expandiertes Polystyrol (EPS), extrudiertes Polystyrol (XPS), Polyurethane (PUR und PIR) mit Dampfsperre, Verst\u00e4rkung oder Oberfl\u00e4chenstabilisierung (Aluminium, PVC, etc.). Wir verwenden auch antiabrasive Beschichtungen, bitumin\u00f6se Bel\u00e4ge, Vliese und technische Gewebe. Unsere moderne Werkstatt mit CNC-gesteuerten Maschinen und spezialisiertem Personal erm\u00f6glicht die Implementierung moderner L\u00f6sungen im Bereich Isolierung. Wir haben auch die M\u00f6glichkeit, spezielle L\u00f6sungen im Bereich Schalld\u00e4mmung, Brandschutz, W\u00e4rmed\u00e4mmung oder K\u00e4lted\u00e4mmung zu produzieren. Wir realisieren individuelle L\u00f6sungen durch die Kombination von Materialien und Nutzung ihrer einzigartigen Eigenschaften.<\/p>\n<\/div>\n<div>Wir bieten Logistikl\u00f6sungen an, die auf die Bed\u00fcrfnisse unserer Vertragspartner zugeschnitten sind. Wir nutzen eine breite Palette von L\u00f6sungen &#8211; von der Kanban-basierten Zusammenarbeit bis hin zur Vorhaltung spezieller Produktbest\u00e4nde.<\/div>\n<p><img decoding=\"async\" src=\"\/wp-content\/uploads\/2023\/12\/korff-01-2.jpg\" alt=\"\"><br \/>\n<img decoding=\"async\" src=\"\/wp-content\/uploads\/2023\/12\/DSC_0333-2.jpg\" alt=\"\"><\/p>\n<h4>Wasserstrahlschneiden von D\u00e4mmstoffen <\/h4>\n<div>Das Wasserstrahlschneiden ist ein vielseitiger Prozess, der die Bearbeitung praktisch aller Materialien von Polyurethan oder Gummi \u00fcber Glas und Polycarbonat bis hin zu Metall, Stahl und Naturstein erm\u00f6glicht. Dar\u00fcber hinaus ist die Waterjet-Technologie eine staubfreie und chemisch nicht aggressive Methode. Der Prozess verwendet einen Wasserstrahl unter ultrahohem Druck, um Schleifmittel zu transportieren. Das Wasserstrahlschneiden erfolgt ohne das Risiko, dass die Bearbeitungstemperatur auf das Material wirkt, ohne Verf\u00e4rbungen und Verformungen sowie ohne Einfluss auf die Oberfl\u00e4chenstruktur des geschnittenen Materials.\n <\/div>\n<div>Gleichzeitig erm\u00f6glicht es eine hohe Pr\u00e4zision, weshalb es eine ideale Option f\u00fcr jede Branche der Industrie ist. Unabh\u00e4ngig davon, was geschnitten wird, erreichen wir das gew\u00fcnschte Ergebnis. Besuchen Sie die spezielle Website: <a href=\"https:\/\/waterjet.korff.pl\/\">waterjet.korff.pl<\/a><\/div>\n<div>Kontakt <\/div>\n<div>Korff Isolmatic Sp. z o.o.<br \/>\nWojnarowice, ul. Lotnicza&nbsp;12<br \/>\nPL 55-050 Sob\u00f3tka 1\n<\/div>\n<div>\n<p>tel: 0048 71 39 09 099<\/p>\n<p>info[at]korff.pl<\/p>\n<\/div>\n<div><a href=\"\/de\/datenschutzrichtlinie\/\">Datenschutzrichtlinie<\/a><\/p>\n<p><a href=\"\/de\/datenschutzerklarung\/\">Datenschutzerkl\u00e4rung<\/a> \n<\/div>\n<p><img decoding=\"async\" src=\"\/wp-content\/uploads\/2023\/06\/save-energy.png\" alt=\"\"><\/p>\n<p><!--more--><br \/>\n<!-- {\"type\":\"layout\",\"children\":[{\"type\":\"section\",\"props\":{\"class\":\"blacksection\",\"header_transparent\":true,\"header_transparent_text_color\":\"dark\",\"height\":\"viewport\",\"height_offset_top\":true,\"id\":\"spienianie-poliuretanu\",\"image_position\":\"center-center\",\"style\":\"muted\",\"title_breakpoint\":\"xl\",\"title_position\":\"top-left\",\"title_rotation\":\"left\",\"vertical_align\":\"middle\",\"width\":\"default\"},\"children\":[{\"type\":\"row\",\"children\":[{\"type\":\"column\",\"props\":{\"image_position\":\"center-center\",\"position_sticky_breakpoint\":\"m\",\"width_medium\":\"1-2\"},\"children\":[{\"type\":\"headline\",\"props\":{\"content\":\"Sch\\u00e4umen von Polyurethan\",\"title_element\":\"h4\"}},{\"type\":\"text\",\"props\":{\"column_breakpoint\":\"m\",\"content\":\"Wir verf\\u00fcgen \\u00fcber die vollst\\u00e4ndige Infrastruktur zur Herstellung von speziellen Formteilen aus hartem Polyurethanschaum und Verbundwerkstoffen. F\\u00fcr unsere Kunden, insbesondere aus der Isolations- und Befestigungstechnikbranche, entwerfen und produzieren wir hochwertige Produkte mit unterschiedlicher Geometrie und Dichte, die mit integrierten Verst\\u00e4rkungen aus Metallen und Kunststoffen versehen sind.\\n\\n\",\"margin\":\"default\"}}]},{\"type\":\"column\",\"props\":{\"image_position\":\"center-center\",\"position_sticky_breakpoint\":\"m\",\"width_medium\":\"1-2\"},\"children\":[{\"type\":\"image\",\"props\":{\"image\":\"wp-content\\\/uploads\\\/2023\\\/09\\\/usA\\u0082ugi1_1307.jpg\",\"image_svg_color\":\"emphasis\",\"margin\":\"default\"}}]}],\"props\":{\"layout\":\"1-2,1-2\"}}],\"name\":\"uslugi\"},{\"type\":\"section\",\"props\":{\"class\":\"blacksection\",\"height\":\"viewport\",\"id\":\"manuelle-montage\",\"image_position\":\"center-center\",\"style\":\"secondary\",\"title_breakpoint\":\"xl\",\"title_position\":\"top-left\",\"title_rotation\":\"left\",\"vertical_align\":\"middle\",\"width\":\"default\"},\"children\":[{\"type\":\"row\",\"children\":[{\"type\":\"column\",\"props\":{\"image_position\":\"center-center\",\"position_sticky_breakpoint\":\"m\",\"width_medium\":\"1-2\"},\"children\":[{\"type\":\"image\",\"props\":{\"image\":\"wp-content\\\/uploads\\\/2023\\\/12\\\/korff-04-2.jpg\",\"image_svg_color\":\"emphasis\",\"margin\":\"default\"}}]},{\"type\":\"column\",\"props\":{\"image_position\":\"center-center\",\"position_sticky_breakpoint\":\"m\",\"width_medium\":\"1-2\"},\"children\":[{\"type\":\"headline\",\"props\":{\"content\":\"Manuelle Montage\",\"title_element\":\"h4\"}},{\"type\":\"text\",\"props\":{\"column_breakpoint\":\"m\",\"content\":\"Wir bieten manuelle Montagedienstleistungen wie Schrauben, Kleben und Abdecken von Isolierungselementen zusammen mit Stahlkomponenten an. Pr\\u00e4zisionsmontageger\\u00e4te und Qualit\\u00e4tskontrolle im Prozess erm\\u00f6glichen es uns, die Effizienz zu steigern und gleichzeitig das Risiko von Fehlern oder Sch\\u00e4den zu reduzieren.\\n\\n\\n\\n\",\"margin\":\"default\"}},{\"type\":\"text\",\"props\":{\"column_breakpoint\":\"m\",\"content\":\"\n\n<p>Halbautomatische Arbeitspl\\u00e4tze erm\\u00f6glichen auch eine Verk\\u00fcrzung der Gesamtproduktionszeit und eignen sich f\\u00fcr eine Vielzahl von Anwendungen in der industriellen Isolationsfertigung. Wir verf\\u00fcgen \\u00fcber eine eigene Blechwerkstatt, in der wir die entworfenen Bleche an die zu montierenden Komponenten anpassen. Dank unserer umfangreichen Erfahrung in der Branche wird unser Sortiment kontinuierlich um die neuesten verf\\u00fcgbaren L\\u00f6sungen erweitert und an die Erwartungen sowie Bed\\u00fcrfnisse unserer Kunden angepasst.<\\\/p>\",\"margin\":\"default\"}}]}],\"props\":{\"layout\":\"1-2,1-2\"}}],\"name\":\"uslugi\"},{\"type\":\"section\",\"props\":{\"class\":\"blacksection\",\"header_transparent\":true,\"header_transparent_text_color\":\"dark\",\"height\":\"viewport\",\"id\":\"bearbeitung-kaschieren-von-isoliermaterialien\",\"image_position\":\"center-center\",\"style\":\"default\",\"title_breakpoint\":\"xl\",\"title_position\":\"top-left\",\"title_rotation\":\"left\",\"vertical_align\":\"middle\",\"width\":\"default\"},\"children\":[{\"type\":\"row\",\"children\":[{\"type\":\"column\",\"props\":{\"image_position\":\"center-center\",\"position_sticky_breakpoint\":\"m\",\"width_medium\":\"1-2\"},\"children\":[{\"type\":\"headline\",\"props\":{\"content\":\"Bearbeitung (Schneiden, Fr\\u00e4sen) und Kaschieren von Isoliermaterialien\",\"title_element\":\"h4\"}},{\"type\":\"text\",\"props\":{\"column_breakpoint\":\"m\",\"content\":\"Bei Korff Isolmatic kombinieren wir verschiedene Isolationsmaterialien - Steinwolle und Glaswolle, expandiertes Polystyrol (EPS), extrudiertes Polystyrol (XPS), Polyurethane (PUR und PIR) mit Dampfsperre, Verst\\u00e4rkung oder Oberfl\\u00e4chenstabilisierung (Aluminium, PVC, etc.). Wir verwenden auch antiabrasive Beschichtungen, bitumin\\u00f6se Bel\\u00e4ge, Vliese und technische Gewebe. Unsere moderne Werkstatt mit CNC-gesteuerten Maschinen und spezialisiertem Personal erm\\u00f6glicht die Implementierung moderner L\\u00f6sungen im Bereich Isolierung. Wir haben auch die M\\u00f6glichkeit, spezielle L\\u00f6sungen im Bereich Schalld\\u00e4mmung, Brandschutz, W\\u00e4rmed\\u00e4mmung oder K\\u00e4lted\\u00e4mmung zu produzieren. Wir realisieren individuelle L\\u00f6sungen durch die Kombination von Materialien und Nutzung ihrer einzigartigen Eigenschaften.\\n\\n\",\"margin\":\"default\"}},{\"type\":\"text\",\"props\":{\"column_breakpoint\":\"m\",\"content\":\"Wir bieten Logistikl\\u00f6sungen an, die auf die Bed\\u00fcrfnisse unserer Vertragspartner zugeschnitten sind. Wir nutzen eine breite Palette von L\\u00f6sungen - von der Kanban-basierten Zusammenarbeit bis hin zur Vorhaltung spezieller Produktbest\\u00e4nde.\",\"margin\":\"default\"}}]},{\"type\":\"column\",\"props\":{\"image_position\":\"center-center\",\"position_sticky_breakpoint\":\"m\",\"width_medium\":\"1-2\"},\"children\":[{\"type\":\"image\",\"props\":{\"image\":\"wp-content\\\/uploads\\\/2023\\\/12\\\/korff-01-2.jpg\",\"image_svg_color\":\"emphasis\",\"margin\":\"default\"}}]}],\"props\":{\"layout\":\"1-2,1-2\"}}],\"name\":\"uslugi\"},{\"type\":\"section\",\"props\":{\"class\":\"blacksection\",\"height\":\"viewport\",\"id\":\"wasserstrahlschneiden-von-d\\u00e4mmstoffen\",\"image_position\":\"center-center\",\"style\":\"secondary\",\"title_breakpoint\":\"xl\",\"title_position\":\"top-left\",\"title_rotation\":\"left\",\"vertical_align\":\"middle\",\"width\":\"default\"},\"children\":[{\"type\":\"row\",\"children\":[{\"type\":\"column\",\"props\":{\"image_position\":\"center-center\",\"position_sticky_breakpoint\":\"m\",\"width_medium\":\"1-2\"},\"children\":[{\"type\":\"image\",\"props\":{\"image\":\"wp-content\\\/uploads\\\/2023\\\/12\\\/DSC_0333-2.jpg\",\"image_svg_color\":\"emphasis\",\"margin\":\"default\"}}]},{\"type\":\"column\",\"props\":{\"image_position\":\"center-center\",\"position_sticky_breakpoint\":\"m\",\"width_medium\":\"1-2\"},\"children\":[{\"type\":\"headline\",\"props\":{\"content\":\"Wasserstrahlschneiden von D\\u00e4mmstoffen \",\"title_element\":\"h4\"}},{\"type\":\"text\",\"props\":{\"column_breakpoint\":\"m\",\"content\":\"Das Wasserstrahlschneiden ist ein vielseitiger Prozess, der die Bearbeitung praktisch aller Materialien von Polyurethan oder Gummi \\u00fcber Glas und Polycarbonat bis hin zu Metall, Stahl und Naturstein erm\\u00f6glicht. Dar\\u00fcber hinaus ist die Waterjet-Technologie eine staubfreie und chemisch nicht aggressive Methode. Der Prozess verwendet einen Wasserstrahl unter ultrahohem Druck, um Schleifmittel zu transportieren. Das Wasserstrahlschneiden erfolgt ohne das Risiko, dass die Bearbeitungstemperatur auf das Material wirkt, ohne Verf\\u00e4rbungen und Verformungen sowie ohne Einfluss auf die Oberfl\\u00e4chenstruktur des geschnittenen Materials. \\n \",\"margin\":\"default\"}},{\"type\":\"text\",\"props\":{\"column_breakpoint\":\"m\",\"content\":\"Gleichzeitig erm\\u00f6glicht es eine hohe Pr\\u00e4zision, weshalb es eine ideale Option f\\u00fcr jede Branche der Industrie ist. Unabh\\u00e4ngig davon, was geschnitten wird, erreichen wir das gew\\u00fcnschte Ergebnis. Besuchen Sie die spezielle Website: <a href=\\\"https:\\\/\\\/waterjet.korff.pl\\\/\\\">waterjet.korff.pl<\\\/a>\",\"margin\":\"default\"}}]}],\"props\":{\"layout\":\"1-2,1-2\"}}],\"name\":\"uslugi\"},{\"type\":\"section\",\"props\":{\"image_position\":\"center-center\",\"style\":\"default\",\"title_breakpoint\":\"xl\",\"title_position\":\"top-left\",\"title_rotation\":\"left\",\"vertical_align\":\"middle\",\"width\":\"default\"},\"children\":[{\"type\":\"row\",\"children\":[{\"type\":\"column\",\"props\":{\"image_position\":\"center-center\",\"position_sticky_breakpoint\":\"m\"},\"children\":[{\"type\":\"divider\",\"props\":{\"divider_element\":\"div\"}},{\"type\":\"headline\",\"props\":{\"content\":\"Kontakt \",\"title_element\":\"div\",\"title_style\":\"h2\"}}]}]},{\"type\":\"row\",\"props\":{\"column_gap\":\"small\",\"layout\":\"1-4,1-4,1-4,1-4|1-2,1-2,1-2,1-2\"},\"children\":[{\"type\":\"column\",\"props\":{\"image_position\":\"center-center\",\"position_sticky_breakpoint\":\"m\",\"width_medium\":\"1-4\",\"width_small\":\"1-3\"},\"children\":[{\"type\":\"text\",\"props\":{\"column_breakpoint\":\"m\",\"content\":\"Korff Isolmatic Sp. z o.o.<br\\\/>\\nWojnarowice, ul. Lotnicza&nbsp;12<br\\\/>\\nPL 55-050 Sob\\u00f3tka 1<br\\\/>\\n\",\"margin\":\"default\",\"text_color\":\"secondary\"}}]},{\"type\":\"column\",\"props\":{\"image_position\":\"center-center\",\"position_sticky_breakpoint\":\"m\",\"width_medium\":\"1-4\",\"width_small\":\"1-3\"},\"children\":[{\"type\":\"text\",\"props\":{\"column_breakpoint\":\"m\",\"content\":\"\\n\\ntel: 0048 71 39 09 099<br\\\/>\\n\\ninfo[at]korff.pl<br\\\/>\\n\\n\\n\",\"margin\":\"default\",\"text_color\":\"secondary\"}}]},{\"type\":\"column\",\"props\":{\"image_position\":\"center-center\",\"position_sticky_breakpoint\":\"m\",\"width_medium\":\"1-4\",\"width_small\":\"1-3\"},\"children\":[{\"type\":\"text\",\"props\":{\"column_breakpoint\":\"m\",\"content\":\"<a href=\\\"\\\/de\\\/datenschutzrichtlinie\\\/\\\">Datenschutzrichtlinie<\\\/a><br\\\/>\\n\\n<a href=\\\"\\\/de\\\/datenschutzerklarung\\\/\\\">Datenschutzerkl\\u00e4rung<\\\/a> <br\\\/>\\n\",\"margin\":\"default\",\"text_color\":\"primary\"}}]},{\"type\":\"column\",\"props\":{\"image_position\":\"center-center\",\"position_sticky_breakpoint\":\"m\",\"width_medium\":\"1-4\",\"width_small\":\"1-2\"},\"children\":[{\"type\":\"image\",\"props\":{\"image\":\"wp-content\\\/uploads\\\/2023\\\/06\\\/save-energy.png\",\"image_svg_color\":\"emphasis\",\"margin\":\"default\",\"text_align\":\"right\"}}]}]},{\"type\":\"row\",\"children\":[{\"type\":\"column\",\"props\":{\"image_position\":\"center-center\",\"position_sticky_breakpoint\":\"m\"},\"children\":[{\"type\":\"totop\",\"props\":{\"margin\":\"default\",\"text_align\":\"right\",\"title_grid_column_gap\":\"small\",\"title_grid_row_gap\":\"small\"}}]}]}],\"name\":\"footer de\"}],\"version\":\"4.3.4\"} --><\/p>\n","protected":false},"excerpt":{"rendered":"<p>Sch\u00e4umen von Polyurethan Wir verf\u00fcgen \u00fcber die vollst\u00e4ndige Infrastruktur zur Herstellung von speziellen Formteilen aus hartem Polyurethanschaum und Verbundwerkstoffen. F\u00fcr unsere Kunden, insbesondere aus der Isolations- und Befestigungstechnikbranche, entwerfen und produzieren wir hochwertige Produkte mit unterschiedlicher Geometrie und Dichte, die mit integrierten Verst\u00e4rkungen aus Metallen und Kunststoffen versehen sind. Manuelle Montage Wir bieten manuelle Montagedienstleistungen [&hellip;]<\/p>\n","protected":false},"author":1,"featured_media":0,"parent":0,"menu_order":0,"comment_status":"closed","ping_status":"closed","template":"","meta":{"footnotes":""},"class_list":["post-2061","page","type-page","status-publish","hentry"],"yoast_head":"<!-- This site is optimized with the Yoast SEO plugin v27.1.1 - https:\/\/yoast.com\/product\/yoast-seo-wordpress\/ -->\n<title>Dienstleistungen - Korff Isolmatic<\/title>\n<meta name=\"description\" content=\"Korff Isolmatic \u2013 producent technicznych wyrob\u00f3w izolacyjnych oraz mocowa\u0144 zimnochronnych\" \/>\n<meta name=\"robots\" content=\"index, follow, max-snippet:-1, max-image-preview:large, max-video-preview:-1\" \/>\n<link rel=\"canonical\" href=\"https:\/\/korff.pl\/de\/dienstleistungen\/\" \/>\n<meta property=\"og:locale\" content=\"de_DE\" \/>\n<meta property=\"og:type\" content=\"article\" \/>\n<meta property=\"og:title\" content=\"Dienstleistungen - Korff Isolmatic\" \/>\n<meta property=\"og:description\" content=\"Korff Isolmatic \u2013 producent technicznych wyrob\u00f3w izolacyjnych oraz mocowa\u0144 zimnochronnych\" \/>\n<meta property=\"og:url\" content=\"https:\/\/korff.pl\/de\/dienstleistungen\/\" \/>\n<meta property=\"og:site_name\" content=\"Korff Isolmatic\" \/>\n<meta property=\"article:modified_time\" content=\"2024-03-04T13:52:34+00:00\" \/>\n<meta property=\"og:image\" content=\"https:\/\/korff.pl\/wp-content\/uploads\/2023\/07\/DSC_0381-2.jpg\" \/>\n\t<meta property=\"og:image:width\" content=\"1000\" \/>\n\t<meta property=\"og:image:height\" content=\"667\" \/>\n\t<meta property=\"og:image:type\" content=\"image\/jpeg\" \/>\n<meta name=\"twitter:card\" content=\"summary_large_image\" \/>\n<meta name=\"twitter:label1\" content=\"Gesch\u00e4tzte Lesezeit\" \/>\n\t<meta name=\"twitter:data1\" content=\"4\u00a0Minuten\" \/>\n<script type=\"application\/ld+json\" class=\"yoast-schema-graph\">{\"@context\":\"https:\/\/schema.org\",\"@graph\":[{\"@type\":\"WebPage\",\"@id\":\"https:\/\/korff.pl\/de\/dienstleistungen\/\",\"url\":\"https:\/\/korff.pl\/de\/dienstleistungen\/\",\"name\":\"Dienstleistungen - Korff Isolmatic\",\"isPartOf\":{\"@id\":\"https:\/\/korff.pl\/de\/#website\"},\"datePublished\":\"2023-06-07T15:23:10+00:00\",\"dateModified\":\"2024-03-04T13:52:34+00:00\",\"description\":\"Korff Isolmatic \u2013 producent technicznych wyrob\u00f3w izolacyjnych oraz mocowa\u0144 zimnochronnych\",\"breadcrumb\":{\"@id\":\"https:\/\/korff.pl\/de\/dienstleistungen\/#breadcrumb\"},\"inLanguage\":\"de\",\"potentialAction\":[{\"@type\":\"ReadAction\",\"target\":[\"https:\/\/korff.pl\/de\/dienstleistungen\/\"]}]},{\"@type\":\"BreadcrumbList\",\"@id\":\"https:\/\/korff.pl\/de\/dienstleistungen\/#breadcrumb\",\"itemListElement\":[{\"@type\":\"ListItem\",\"position\":1,\"name\":\"Strona g\u0142\u00f3wna\",\"item\":\"https:\/\/korff.pl\/de\/\"},{\"@type\":\"ListItem\",\"position\":2,\"name\":\"Dienstleistungen\"}]},{\"@type\":\"WebSite\",\"@id\":\"https:\/\/korff.pl\/de\/#website\",\"url\":\"https:\/\/korff.pl\/de\/\",\"name\":\"Korff Isolmatic\",\"description\":\"Producent technicznych wyrob\u00f3w izolacyjnych oraz mocowa\u0144 zimnochronnych\",\"publisher\":{\"@id\":\"https:\/\/korff.pl\/de\/#organization\"},\"potentialAction\":[{\"@type\":\"SearchAction\",\"target\":{\"@type\":\"EntryPoint\",\"urlTemplate\":\"https:\/\/korff.pl\/de\/?s={search_term_string}\"},\"query-input\":{\"@type\":\"PropertyValueSpecification\",\"valueRequired\":true,\"valueName\":\"search_term_string\"}}],\"inLanguage\":\"de\"},{\"@type\":\"Organization\",\"@id\":\"https:\/\/korff.pl\/de\/#organization\",\"name\":\"Korff Isolmatic Sp. z o.o.\",\"url\":\"https:\/\/korff.pl\/de\/\",\"logo\":{\"@type\":\"ImageObject\",\"inLanguage\":\"de\",\"@id\":\"https:\/\/korff.pl\/de\/#\/schema\/logo\/image\/\",\"url\":\"https:\/\/korff2023.korff.pl\/wp-content\/uploads\/2023\/06\/KI_logo_main_RGB_M.png\",\"contentUrl\":\"https:\/\/korff2023.korff.pl\/wp-content\/uploads\/2023\/06\/KI_logo_main_RGB_M.png\",\"width\":750,\"height\":185,\"caption\":\"Korff Isolmatic Sp. z o.o.\"},\"image\":{\"@id\":\"https:\/\/korff.pl\/de\/#\/schema\/logo\/image\/\"}}]}<\/script>\n<!-- \/ Yoast SEO plugin. -->","yoast_head_json":{"title":"Dienstleistungen - Korff Isolmatic","description":"Korff Isolmatic \u2013 producent technicznych wyrob\u00f3w izolacyjnych oraz mocowa\u0144 zimnochronnych","robots":{"index":"index","follow":"follow","max-snippet":"max-snippet:-1","max-image-preview":"max-image-preview:large","max-video-preview":"max-video-preview:-1"},"canonical":"https:\/\/korff.pl\/de\/dienstleistungen\/","og_locale":"de_DE","og_type":"article","og_title":"Dienstleistungen - Korff Isolmatic","og_description":"Korff Isolmatic \u2013 producent technicznych wyrob\u00f3w izolacyjnych oraz mocowa\u0144 zimnochronnych","og_url":"https:\/\/korff.pl\/de\/dienstleistungen\/","og_site_name":"Korff Isolmatic","article_modified_time":"2024-03-04T13:52:34+00:00","og_image":[{"width":1000,"height":667,"url":"https:\/\/korff.pl\/wp-content\/uploads\/2023\/07\/DSC_0381-2.jpg","type":"image\/jpeg"}],"twitter_card":"summary_large_image","twitter_misc":{"Gesch\u00e4tzte Lesezeit":"4\u00a0Minuten"},"schema":{"@context":"https:\/\/schema.org","@graph":[{"@type":"WebPage","@id":"https:\/\/korff.pl\/de\/dienstleistungen\/","url":"https:\/\/korff.pl\/de\/dienstleistungen\/","name":"Dienstleistungen - Korff Isolmatic","isPartOf":{"@id":"https:\/\/korff.pl\/de\/#website"},"datePublished":"2023-06-07T15:23:10+00:00","dateModified":"2024-03-04T13:52:34+00:00","description":"Korff Isolmatic \u2013 producent technicznych wyrob\u00f3w izolacyjnych oraz mocowa\u0144 zimnochronnych","breadcrumb":{"@id":"https:\/\/korff.pl\/de\/dienstleistungen\/#breadcrumb"},"inLanguage":"de","potentialAction":[{"@type":"ReadAction","target":["https:\/\/korff.pl\/de\/dienstleistungen\/"]}]},{"@type":"BreadcrumbList","@id":"https:\/\/korff.pl\/de\/dienstleistungen\/#breadcrumb","itemListElement":[{"@type":"ListItem","position":1,"name":"Strona g\u0142\u00f3wna","item":"https:\/\/korff.pl\/de\/"},{"@type":"ListItem","position":2,"name":"Dienstleistungen"}]},{"@type":"WebSite","@id":"https:\/\/korff.pl\/de\/#website","url":"https:\/\/korff.pl\/de\/","name":"Korff Isolmatic","description":"Producent technicznych wyrob\u00f3w izolacyjnych oraz mocowa\u0144 zimnochronnych","publisher":{"@id":"https:\/\/korff.pl\/de\/#organization"},"potentialAction":[{"@type":"SearchAction","target":{"@type":"EntryPoint","urlTemplate":"https:\/\/korff.pl\/de\/?s={search_term_string}"},"query-input":{"@type":"PropertyValueSpecification","valueRequired":true,"valueName":"search_term_string"}}],"inLanguage":"de"},{"@type":"Organization","@id":"https:\/\/korff.pl\/de\/#organization","name":"Korff Isolmatic Sp. z o.o.","url":"https:\/\/korff.pl\/de\/","logo":{"@type":"ImageObject","inLanguage":"de","@id":"https:\/\/korff.pl\/de\/#\/schema\/logo\/image\/","url":"https:\/\/korff2023.korff.pl\/wp-content\/uploads\/2023\/06\/KI_logo_main_RGB_M.png","contentUrl":"https:\/\/korff2023.korff.pl\/wp-content\/uploads\/2023\/06\/KI_logo_main_RGB_M.png","width":750,"height":185,"caption":"Korff Isolmatic Sp. z o.o."},"image":{"@id":"https:\/\/korff.pl\/de\/#\/schema\/logo\/image\/"}}]}},"_links":{"self":[{"href":"https:\/\/korff.pl\/de\/wp-json\/wp\/v2\/pages\/2061","targetHints":{"allow":["GET"]}}],"collection":[{"href":"https:\/\/korff.pl\/de\/wp-json\/wp\/v2\/pages"}],"about":[{"href":"https:\/\/korff.pl\/de\/wp-json\/wp\/v2\/types\/page"}],"author":[{"embeddable":true,"href":"https:\/\/korff.pl\/de\/wp-json\/wp\/v2\/users\/1"}],"replies":[{"embeddable":true,"href":"https:\/\/korff.pl\/de\/wp-json\/wp\/v2\/comments?post=2061"}],"version-history":[{"count":14,"href":"https:\/\/korff.pl\/de\/wp-json\/wp\/v2\/pages\/2061\/revisions"}],"predecessor-version":[{"id":2404,"href":"https:\/\/korff.pl\/de\/wp-json\/wp\/v2\/pages\/2061\/revisions\/2404"}],"wp:attachment":[{"href":"https:\/\/korff.pl\/de\/wp-json\/wp\/v2\/media?parent=2061"}],"curies":[{"name":"wp","href":"https:\/\/api.w.org\/{rel}","templated":true}]}}